{"id":6005,"date":"2017-08-09T10:22:45","date_gmt":"2017-08-09T08:22:45","guid":{"rendered":"http:\/\/www.balancezone.org\/?page_id=6005"},"modified":"2022-06-03T12:08:15","modified_gmt":"2022-06-03T10:08:15","slug":"vinyasa-2","status":"publish","type":"page","link":"https:\/\/bubu.balancezone.org\/?page_id=6005","title":{"rendered":"vinyasa"},"content":{"rendered":"<section class=\"l-section wpb_row height_small color_secondary\"><div class=\"l-section-h i-cf\"><div class=\"g-cols vc_row via_grid cols_2 laptops-cols_inherit tablets-cols_inherit mobiles-cols_1 valign_middle type_default stacking_default\"><div class=\"wpb_column vc_column_container\"><div class=\"vc_column-inner\"><h1 class=\"w-post-elm post_title align_left entry-title color_link_inherit\">vinyasa<\/h1><\/div><\/div><div class=\"wpb_column vc_column_container\"><div class=\"vc_column-inner\"><ol class=\"g-breadcrumbs separator_icon align_right\" itemscope itemtype=\"http:\/\/schema.org\/BreadcrumbList\"><li class=\"g-breadcrumbs-item\" itemscope itemprop=\"itemListElement\" itemtype=\"http:\/\/schema.org\/ListItem\"><a itemprop=\"item\" href=\"https:\/\/bubu.balancezone.org\/\"><span itemprop=\"name\">Accueil<\/span><\/a><meta itemprop=\"position\" content=\"1\"\/><\/li><li class=\"g-breadcrumbs-separator\"><i class=\"far fa-angle-right\"><\/i><\/li><li class=\"g-breadcrumbs-item\">Pages<\/li><\/ol><\/div><\/div><\/div><\/div><\/section><section class=\"l-section wpb_row height_auto width_full\"><div class=\"l-section-h i-cf\"><div class=\"g-cols vc_row via_grid cols_1 laptops-cols_inherit tablets-cols_inherit mobiles-cols_1 valign_top type_default stacking_default\"><div class=\"wpb_column vc_column_container\"><div class=\"vc_column-inner\"><div class=\"w-image align_center\"><div class=\"w-image-h\"><img loading=\"lazy\" decoding=\"async\" width=\"2000\" height=\"363\" src=\"https:\/\/bubu.balancezone.org\/wp-content\/uploads\/2016\/05\/vinyasa.jpg\" class=\"attachment-full size-full\" alt=\"vinyasa\" srcset=\"https:\/\/bubu.balancezone.org\/wp-content\/uploads\/2016\/05\/vinyasa.jpg 2000w, https:\/\/bubu.balancezone.org\/wp-content\/uploads\/2016\/05\/vinyasa-300x54.jpg 300w, https:\/\/bubu.balancezone.org\/wp-content\/uploads\/2016\/05\/vinyasa-768x139.jpg 768w, https:\/\/bubu.balancezone.org\/wp-content\/uploads\/2016\/05\/vinyasa-1024x186.jpg 1024w, https:\/\/bubu.balancezone.org\/wp-content\/uploads\/2016\/05\/vinyasa-600x109.jpg 600w\" sizes=\"(max-width: 2000px) 100vw, 2000px\" \/><\/div><\/div><\/div><\/div><\/div><\/div><\/section><!-- Row Backgrounds --><div class=\"upb_color\" data-bg-override=\"0\" data-bg-color=\"#000000\" data-fadeout=\"\" data-fadeout-percentage=\"30\" data-parallax-content=\"\" data-parallax-content-sense=\"30\" data-row-effect-mobile-disable=\"true\" data-img-parallax-mobile-disable=\"true\" data-rtl=\"false\"  data-custom-vc-row=\"\"  data-vc=\"6.11.0\"  data-is_old_vc=\"\"  data-theme-support=\"\"   data-overlay=\"false\" data-overlay-color=\"\" data-overlay-pattern=\"\" data-overlay-pattern-opacity=\"\" data-overlay-pattern-size=\"\"    ><\/div><section class=\"l-section wpb_row height_medium\"><div class=\"l-section-h i-cf\"><div class=\"g-cols vc_row via_grid cols_2-1 laptops-cols_inherit tablets-cols_inherit mobiles-cols_1 valign_top type_default stacking_default\"><div class=\"wpb_column vc_column_container\"><div class=\"vc_column-inner\"><div class=\"wpb_text_column\"><div class=\"wpb_wrapper\"><h2>Cours de yoga vinyasa tout niveau :<\/h2>\n<p>cette forme de yoga vinyasa est physique et dynamique, d\u00e9velopp\u00e9e par Shr\u00ce K. Pattabhi Jois, ma\u00eetre yogi qui a fortement contribu\u00e9 au d\u00e9veloppement de cette discipline spirituelle dans le monde. Les cours parisiens durent une heure ou une heure et demi. Ils sont enseign\u00e9s par des professeurs qualifi\u00e9s, certifi\u00e9s par Balance Zone qui proposent des cours tout niveau et adaptent les niveaux de pratique individuellement durant la classe collective en pr\u00e9sentiez et en visio. La pratique yogique aligne clairement le corps, l\u2019esprit et les choix de vie. Une attention particuli\u00e8re est port\u00e9e sur l\u2019alignement corporel en lien avec la respiration calme et profonde.<\/p>\n<p>Cette forme en mouvement est une m\u00e9ditation active. L\u2019exp\u00e9rience sensorielle de votre pratique vous permet de vous rapprocher de plus en plus de vous m\u00eame, des autres et du tout. De d\u00e9couvrir vos potentiels physiques et psychologiques au del\u00e0 des possibles connus.<\/p>\n<p>Par la pratique du yoga vinyasa, le corps se purifie de toutes ses toxines physiques et \u00e9motionnelles. L\u2019esprit se lib\u00e8re de ses restrictions mentales. Vous apprenez \u00e0 vous d\u00e9tacher de vos \u00e9motions. Le yoga est l\u2019unique voie vers la d\u00e9couverte de la joie infinie au del\u00e0 de l\u2019impermanence de nos vies.<\/p>\n<h2>Community class :<\/h2>\n<p>cours de yoga tout niveau enseign\u00e9s par des stagiaires de formation professionnelle en devenir d\u2019\u00eatre professeur de yoga.<\/p>\n<h2>Intensive training :<\/h2>\n<p>Cet Intensive Training de yoga vinyasa s\u2019adresse aux praticiens yogiques de niveau interm\u00e9diaire 2 et avanc\u00e9. \u00c9galement de professionnels de la danse, des arts martiaux, des sports de haut niveau et de combat, comme pr\u00e9paration corporelle et pr\u00e9vention des accidents.<br \/>\nCes training s\u2019articulent autour de s\u00e9quences coh\u00e9rentes de niveau avanc\u00e9. L\u2019attention est port\u00e9e sur l\u2019alignement corporel, l\u2019organicit\u00e9 des chemins physiques et physiologiques, la pleine conscience, le d\u00e9ploiement respiratoire pranique. La dur\u00e9e de deux heures qualifie l\u2019aspect avanc\u00e9 de la pratique. L\u2019intensive training est r\u00e9serv\u00e9 au niveau technique confirm\u00e9.<\/p>\n<\/div><\/div><\/div><\/div><div class=\"wpb_column vc_column_container\"><div class=\"vc_column-inner\"><div class=\"w-video align_none ratio_16x9 has_iframe\"><div class=\"w-video-h\"><iframe title=\"Youtube video player\" src=\"\/\/www.youtube.com\/embed\/mTTS968sGoo?origin=https:\/\/bubu.balancezone.org&controls=1\" allowfullscreen=\"1\" loading=\"lazy\"><\/iframe><\/div><div class=\"w-video-icon\" style=\"font-size:1.5rem;background:rgba(0,0,0,0.5);color:#fff\"><\/div><\/div><div class=\"w-separator size_medium\"><\/div><div class=\"w-btn-wrapper align_none\"><a class=\"w-btn us-btn-style_5\" href=\"http:\/\/www.balancezone.org\/horaires-et-reservations\/\"><span class=\"w-btn-label\">Horaires et r\u00e9servations des cours<\/span><\/a><\/div><\/div><\/div><\/div><\/div><\/section><section class=\"l-section wpb_row height_medium\"><div class=\"l-section-h i-cf\"><div class=\"g-cols vc_row via_grid cols_2 laptops-cols_inherit tablets-cols_inherit mobiles-cols_1 valign_top type_default stacking_default\"><div class=\"wpb_column vc_column_container\"><div class=\"vc_column-inner\"><div class=\"w-video align_none ratio_16x9 has_iframe\"><div class=\"w-video-h\"><iframe title=\"Youtube video player\" src=\"\/\/www.youtube.com\/embed\/aE5GQ_XSyec?origin=https:\/\/bubu.balancezone.org&controls=1\" allowfullscreen=\"1\" loading=\"lazy\"><\/iframe><\/div><div class=\"w-video-icon\" style=\"font-size:1.5rem;background:rgba(0,0,0,0.5);color:#fff\"><\/div><\/div><\/div><\/div><div class=\"wpb_column vc_column_container\"><div class=\"vc_column-inner\"><div class=\"w-video align_none ratio_16x9 has_iframe\"><div class=\"w-video-h\"><iframe title=\"Youtube video player\" src=\"\/\/www.youtube.com\/embed\/lN5lcVcV6Vg?origin=https:\/\/bubu.balancezone.org&controls=1\" allowfullscreen=\"1\" loading=\"lazy\"><\/iframe><\/div><div class=\"w-video-icon\" style=\"font-size:1.5rem;background:rgba(0,0,0,0.5);color:#fff\"><\/div><\/div><\/div><\/div><\/div><\/div><\/section>\n","protected":false},"excerpt":{"rendered":"vinyasaAccueilPagesCours de yoga vinyasa tout niveau : cette forme de yoga vinyasa est physique et dynamique, d\u00e9velopp\u00e9e par Shr\u00ce K. Pattabhi Jois, ma\u00eetre yogi qui a fortement contribu\u00e9 au d\u00e9veloppement de cette discipline spirituelle dans le monde. Les cours parisiens durent une heure ou une heure et demi. Ils sont enseign\u00e9s par des professeurs qualifi\u00e9s,...","protected":false},"author":1,"featured_media":0,"parent":0,"menu_order":0,"comment_status":"closed","ping_status":"closed","template":"","meta":{"_bbp_topic_count":0,"_bbp_reply_count":0,"_bbp_total_topic_count":0,"_bbp_total_reply_count":0,"_bbp_voice_count":0,"_bbp_anonymous_reply_count":0,"_bbp_topic_count_hidden":0,"_bbp_reply_count_hidden":0,"_bbp_forum_subforum_count":0,"footnotes":""},"_links":{"self":[{"href":"https:\/\/bubu.balancezone.org\/index.php?rest_route=\/wp\/v2\/pages\/6005"}],"collection":[{"href":"https:\/\/bubu.balancezone.org\/index.php?rest_route=\/wp\/v2\/pages"}],"about":[{"href":"https:\/\/bubu.balancezone.org\/index.php?rest_route=\/wp\/v2\/types\/page"}],"author":[{"embeddable":true,"href":"https:\/\/bubu.balancezone.org\/index.php?rest_route=\/wp\/v2\/users\/1"}],"replies":[{"embeddable":true,"href":"https:\/\/bubu.balancezone.org\/index.php?rest_route=%2Fwp%2Fv2%2Fcomments&post=6005"}],"version-history":[{"count":21,"href":"https:\/\/bubu.balancezone.org\/index.php?rest_route=\/wp\/v2\/pages\/6005\/revisions"}],"predecessor-version":[{"id":8237,"href":"https:\/\/bubu.balancezone.org\/index.php?rest_route=\/wp\/v2\/pages\/6005\/revisions\/8237"}],"wp:attachment":[{"href":"https:\/\/bubu.balancezone.org\/index.php?rest_route=%2Fwp%2Fv2%2Fmedia&parent=6005"}],"curies":[{"name":"wp","href":"https:\/\/api.w.org\/{rel}","templated":true}]}}