{"id":6032,"date":"2017-08-09T13:17:54","date_gmt":"2017-08-09T11:17:54","guid":{"rendered":"http:\/\/www.balancezone.org\/?page_id=6032"},"modified":"2022-06-03T12:06:32","modified_gmt":"2022-06-03T10:06:32","slug":"cours-prives","status":"publish","type":"page","link":"https:\/\/bubu.balancezone.org\/?page_id=6032","title":{"rendered":"Cours priv\u00e9s"},"content":{"rendered":"<section class=\"l-section wpb_row height_small color_secondary\"><div class=\"l-section-h i-cf\"><div class=\"g-cols vc_row via_grid cols_2 laptops-cols_inherit tablets-cols_inherit mobiles-cols_1 valign_middle type_default stacking_default\"><div class=\"wpb_column vc_column_container\"><div class=\"vc_column-inner\"><h1 class=\"w-post-elm post_title align_left entry-title color_link_inherit\">Cours priv\u00e9s<\/h1><\/div><\/div><div class=\"wpb_column vc_column_container\"><div class=\"vc_column-inner\"><ol class=\"g-breadcrumbs separator_icon align_right\" itemscope itemtype=\"http:\/\/schema.org\/BreadcrumbList\"><li class=\"g-breadcrumbs-item\" itemscope itemprop=\"itemListElement\" itemtype=\"http:\/\/schema.org\/ListItem\"><a itemprop=\"item\" href=\"https:\/\/bubu.balancezone.org\/\"><span itemprop=\"name\">Accueil<\/span><\/a><meta itemprop=\"position\" content=\"1\"\/><\/li><li class=\"g-breadcrumbs-separator\"><i class=\"far fa-angle-right\"><\/i><\/li><li class=\"g-breadcrumbs-item\">Pages<\/li><\/ol><\/div><\/div><\/div><\/div><\/section><section class=\"l-section wpb_row height_auto width_full\"><div class=\"l-section-h i-cf\"><div class=\"g-cols vc_row via_grid cols_1 laptops-cols_inherit tablets-cols_inherit mobiles-cols_1 valign_top type_default stacking_default\"><div class=\"wpb_column vc_column_container\"><div class=\"vc_column-inner\"><div class=\"w-image align_center\"><div class=\"w-image-h\"><img loading=\"lazy\" decoding=\"async\" width=\"2000\" height=\"363\" src=\"https:\/\/bubu.balancezone.org\/wp-content\/uploads\/2017\/08\/cours-a-domicile-1.jpg\" class=\"attachment-full size-full\" alt=\"cours-a-domicile\" srcset=\"https:\/\/bubu.balancezone.org\/wp-content\/uploads\/2017\/08\/cours-a-domicile-1.jpg 2000w, https:\/\/bubu.balancezone.org\/wp-content\/uploads\/2017\/08\/cours-a-domicile-1-300x54.jpg 300w, https:\/\/bubu.balancezone.org\/wp-content\/uploads\/2017\/08\/cours-a-domicile-1-768x139.jpg 768w, https:\/\/bubu.balancezone.org\/wp-content\/uploads\/2017\/08\/cours-a-domicile-1-1024x186.jpg 1024w, https:\/\/bubu.balancezone.org\/wp-content\/uploads\/2017\/08\/cours-a-domicile-1-600x109.jpg 600w\" sizes=\"(max-width: 2000px) 100vw, 2000px\" \/><\/div><\/div><\/div><\/div><\/div><\/div><\/section><section class=\"l-section wpb_row height_medium\"><div class=\"l-section-h i-cf\"><div class=\"g-cols vc_row via_grid cols_1-2-1 laptops-cols_inherit tablets-cols_inherit mobiles-cols_1 valign_top type_default stacking_default\"><div class=\"wpb_column vc_column_container\"><div class=\"vc_column-inner\"><div class=\"w-popup w-btn-wrapper align_none\"><button aria-label=\"ENGLISH\" class=\"w-popup-trigger type_btn w-btn us-btn-style_7\"><span class=\"w-btn-label\">ENGLISH<\/span><\/button><div class=\"w-popup-overlay\" style=\"background:rgba(0,0,0,0.85);\"><\/div><div class=\"w-popup-wrap\" style=\"--title-color:var(--color-content-heading);--title-bg-color:var(--color-content-bg-alt);--content-color:var(--color-content-text);--content-bg-color:var(--color-content-bg)\"><div class=\"w-popup-box animation_fadeIn closerpos_outside without_title\" style=\"width:800px;\"><div class=\"w-popup-box-h\"><div class=\"w-popup-box-content\" style=\"padding:5%;\"><p><strong>INDIVIDUAL YOGA<\/strong><\/p>\n<p>Laurence Schroeder offers individual yoga classes at your home. This unique, qualitative approach accompanies your practice, focussing on your needs and expectations. Home classes will appeal to yogis who wish to master their practice, and those who wish to perform at their own level.<\/p>\n<p>Individual sessions are also invaluable for those desiring to achieve deep healing to calm physical and psychological pain during cancer, chemotherapy, heart problems, back pain, joint issues, sciatica, stress and their physiological side-effects.<\/p>\n<p>Laurence is available for regular individual practice at a time that suits you.<\/p>\n<p>Home yoga practice can also be semi private: invite your friends, family, neighbours to gather together and follow a class at home (2 to 6 people). The space needed for practice is the size of a yoga matt. (prices: see \u2018<a href=\"http:\/\/www.balancezone.org\/tarifs\/\">Cours et tarifs\u2019<\/a>.)<\/p>\n<\/div><\/div><\/div><div class=\"w-popup-closer\"><\/div><\/div><\/div><\/div><\/div><div class=\"wpb_column vc_column_container\"><div class=\"vc_column-inner\"><div class=\"wpb_text_column\"><div class=\"wpb_wrapper\"><h2>Professeur particulier<\/h2>\n<p>Laurence Schroeder se rend \u00e0 votre domicile et vous offre un service unique d\u2019accompagnement de qualit\u00e9 cibl\u00e9 sur vos besoins et aspirations. Les cours \u00e0 domicile de soutien sont appropri\u00e9s aux personnes en d\u00e9sir de perfectionner leur pratique, de se remettre \u00e0 niveau. Mais aussi de soigner, apaiser\u00a0 profond\u00e9ment et avec attention les maux physiques, psychologiques lors de cancers, chimioth\u00e9rapie, retours d\u2019A.V.C, lombalgies, probl\u00e8mes d\u2019articulations, sciatiques, stress et leur cons\u00e9quences physiologiques.<\/p>\n<p>Votre professeur est \u00e0 votre service si vous \u00eates une femme , un homme \u00a0d\u2019affaire en besoin de pratiquer r\u00e9guli\u00e8rement votre yoga avant ou apr\u00e8s vos heures\u00a0 de travail.<\/p>\n<p>Les cours de yoga \u00e0 domicile peuvent aussi \u00eatre semi priv\u00e9s: invitez vos amis, parents, voisins \u00e0 se regrouper et suivre une classe de 2 \u00e0 6 personnes chez vous. L\u2019espace n\u00e9cessaire est celui du tapis de yoga.<\/p>\n<\/div><\/div><div class=\"w-separator size_medium\"><\/div><div class=\"wpb_text_column\"><div class=\"wpb_wrapper\"><p><strong>Tarifs\u00a0: 80\u20ac\/heure<\/strong><\/p>\n<p><strong>Contact\u00a0: <\/strong><a href=\"mailto:contact@balancezone.org\"><strong>contact@balancezone.org<\/strong><\/a><\/p>\n<\/div><\/div><\/div><\/div><div class=\"wpb_column vc_column_container\"><div class=\"vc_column-inner\"><\/div><\/div><\/div><\/div><\/section>\n","protected":false},"excerpt":{"rendered":"Cours priv\u00e9sAccueilPagesENGLISHINDIVIDUAL YOGA Laurence Schroeder offers individual yoga classes at your home. This unique, qualitative approach accompanies your practice, focussing on your needs and expectations. Home classes will appeal to yogis who wish to master their practice, and those who wish to perform at their own level. Individual sessions are also invaluable for those desiring...","protected":false},"author":1,"featured_media":0,"parent":0,"menu_order":0,"comment_status":"closed","ping_status":"closed","template":"","meta":{"_bbp_topic_count":0,"_bbp_reply_count":0,"_bbp_total_topic_count":0,"_bbp_total_reply_count":0,"_bbp_voice_count":0,"_bbp_anonymous_reply_count":0,"_bbp_topic_count_hidden":0,"_bbp_reply_count_hidden":0,"_bbp_forum_subforum_count":0,"footnotes":""},"_links":{"self":[{"href":"https:\/\/bubu.balancezone.org\/index.php?rest_route=\/wp\/v2\/pages\/6032"}],"collection":[{"href":"https:\/\/bubu.balancezone.org\/index.php?rest_route=\/wp\/v2\/pages"}],"about":[{"href":"https:\/\/bubu.balancezone.org\/index.php?rest_route=\/wp\/v2\/types\/page"}],"author":[{"embeddable":true,"href":"https:\/\/bubu.balancezone.org\/index.php?rest_route=\/wp\/v2\/users\/1"}],"replies":[{"embeddable":true,"href":"https:\/\/bubu.balancezone.org\/index.php?rest_route=%2Fwp%2Fv2%2Fcomments&post=6032"}],"version-history":[{"count":19,"href":"https:\/\/bubu.balancezone.org\/index.php?rest_route=\/wp\/v2\/pages\/6032\/revisions"}],"predecessor-version":[{"id":8234,"href":"https:\/\/bubu.balancezone.org\/index.php?rest_route=\/wp\/v2\/pages\/6032\/revisions\/8234"}],"wp:attachment":[{"href":"https:\/\/bubu.balancezone.org\/index.php?rest_route=%2Fwp%2Fv2%2Fmedia&parent=6032"}],"curies":[{"name":"wp","href":"https:\/\/api.w.org\/{rel}","templated":true}]}}