{"id":7608,"date":"2020-02-06T15:00:39","date_gmt":"2020-02-06T14:00:39","guid":{"rendered":"http:\/\/www.balancezone.org\/?page_id=7608"},"modified":"2024-02-20T00:57:15","modified_gmt":"2024-02-19T23:57:15","slug":"horaires-et-reservations","status":"publish","type":"page","link":"https:\/\/bubu.balancezone.org\/?page_id=7608","title":{"rendered":"Horaires"},"content":{"rendered":"<section class=\"l-section wpb_row height_medium color_secondary\"><div class=\"l-section-h i-cf\"><div class=\"g-cols vc_row via_grid cols_2 laptops-cols_inherit tablets-cols_inherit mobiles-cols_1 valign_top type_default stacking_default\"><div class=\"wpb_column vc_column_container\"><div class=\"vc_column-inner\"><h2 class=\"w-post-elm post_title entry-title color_link_inherit\">Horaires<\/h2><\/div><\/div><div class=\"wpb_column vc_column_container\"><div class=\"vc_column-inner\"><ol class=\"g-breadcrumbs separator_icon align_right\" itemscope itemtype=\"http:\/\/schema.org\/BreadcrumbList\"><li class=\"g-breadcrumbs-item\" itemscope itemprop=\"itemListElement\" itemtype=\"http:\/\/schema.org\/ListItem\"><a itemprop=\"item\" href=\"https:\/\/bubu.balancezone.org\/\"><span itemprop=\"name\">Accueil<\/span><\/a><meta itemprop=\"position\" content=\"1\"\/><\/li><li class=\"g-breadcrumbs-separator\"><i class=\"far fa-angle-right\"><\/i><\/li><li class=\"g-breadcrumbs-item\">Pages<\/li><\/ol><\/div><\/div><\/div><\/div><\/section><section class=\"l-section wpb_row height_auto full_height valign_center width_full\"><div class=\"l-section-h i-cf\"><div class=\"g-cols vc_row via_grid cols_1 laptops-cols_inherit tablets-cols_inherit mobiles-cols_1 valign_top type_default stacking_default\"><div class=\"wpb_column vc_column_container\"><div class=\"vc_column-inner\"><div class=\"w-image align_center\"><div class=\"w-image-h\"><img loading=\"lazy\" decoding=\"async\" width=\"2000\" height=\"363\" src=\"https:\/\/bubu.balancezone.org\/wp-content\/uploads\/2017\/08\/PLANNINGS.jpg\" class=\"attachment-full size-full\" alt=\"PLANNINGS\" srcset=\"https:\/\/bubu.balancezone.org\/wp-content\/uploads\/2017\/08\/PLANNINGS.jpg 2000w, https:\/\/bubu.balancezone.org\/wp-content\/uploads\/2017\/08\/PLANNINGS-300x54.jpg 300w, https:\/\/bubu.balancezone.org\/wp-content\/uploads\/2017\/08\/PLANNINGS-768x139.jpg 768w, https:\/\/bubu.balancezone.org\/wp-content\/uploads\/2017\/08\/PLANNINGS-1024x186.jpg 1024w, https:\/\/bubu.balancezone.org\/wp-content\/uploads\/2017\/08\/PLANNINGS-600x109.jpg 600w\" sizes=\"(max-width: 2000px) 100vw, 2000px\" \/><\/div><\/div><div class=\"w-tabs layout_hor style_trendy switch_click has_scrolling\" style=\"--sections-title-size:1em\"><div class=\"w-tabs-list items_1 align_none\"><div class=\"w-tabs-list-h\"><button class=\"w-tabs-item active\" aria-controls=\"content-w85c\" aria-expanded=\"false\"><span class=\"w-tabs-item-title\"><\/span><\/button><\/div><\/div><div class=\"w-tabs-sections titles-align_none icon_chevron cpos_right\"><div class=\"w-tabs-section active\" id=\"w85c\"><button class=\"w-tabs-section-header active\" aria-controls=\"content-w85c\" aria-expanded=\"true\"><div class=\"w-tabs-section-title\"><\/div><div class=\"w-tabs-section-control\"><\/div><\/button><div  class=\"w-tabs-section-content\" id=\"content-w85c\"><div class=\"w-tabs-section-content-h i-cf\"><div class=\"wpb_text_column\"><div class=\"wpb_wrapper\"><p>STUDIO NILANTHI\u00a0\u00a0\u00a0\u00a0\u00a0\u00a0\u00a0\u00a0\u00a0\u00a0\u00a0\u00a0 83, rue rebeval. 75019 Paris<br \/>\nLundi 19.30-21h\u00a0\u00a0\u00a0\u00a0\u00a0\u00a0\u00a0\u00a0\u00a0\u00a0\u00a0\u00a0\u00a0\u00a0\u00a0\u00a0\u00a0\u00a0 yoga vinyasa \u00a0 \u00a0 \u00a0 tout niveau<br \/>\nMercredi 18.30-20h\u00a0\u00a0\u00a0\u00a0\u00a0\u00a0\u00a0\u00a0\u00a0\u00a0\u00a0\u00a0\u00a0 yoga vinyasa\u00a0\u00a0\u00a0\u00a0\u00a0\u00a0\u00a0 tout niveau<\/p>\n<p>&nbsp;<\/p>\n<p>CENTRE FGO BARBARA\u00a0\u00a0\u00a0\u00a0 1, rue FLEURY. 75018 Paris<br \/>\nMercredi 12-14h\u00a0 \u00a0\u00a0\u00a0\u00a0\u00a0\u00a0\u00a0\u00a0\u00a0\u00a0\u00a0\u00a0\u00a0\u00a0\u00a0\u00a0\u00a0\u00a0\u00a0\u00a0 Intensive training\u00a0\u00a0\u00a0\u00a0 Interm\u00e9diaire avanc\u00e9<br \/>\nVendredis 12-14h\u00a0\u00a0\u00a0\u00a0\u00a0\u00a0\u00a0\u00a0\u00a0\u00a0\u00a0\u00a0\u00a0\u00a0\u00a0\u00a0\u00a0 Intensive training\u00a0\u00a0\u00a0\u00a0\u00a0 Interm\u00e9diaire avanc\u00e9<\/p>\n<\/div><\/div><\/div><\/div><\/div><\/div><\/div><\/div><\/div><\/div><\/div><\/section><!-- Row Backgrounds --><div class=\"upb_color\" data-bg-override=\"0\" data-bg-color=\"#000000\" data-fadeout=\"\" data-fadeout-percentage=\"30\" data-parallax-content=\"\" data-parallax-content-sense=\"30\" data-row-effect-mobile-disable=\"true\" data-img-parallax-mobile-disable=\"true\" data-rtl=\"false\"  data-custom-vc-row=\"\"  data-vc=\"6.11.0\"  data-is_old_vc=\"\"  data-theme-support=\"\"   data-overlay=\"false\" data-overlay-color=\"\" data-overlay-pattern=\"\" data-overlay-pattern-opacity=\"\" data-overlay-pattern-size=\"\"    ><\/div><section class=\"l-section wpb_row height_medium color_custom\"><div class=\"l-section-h i-cf\"><div class=\"g-cols vc_row via_grid cols_2 laptops-cols_inherit tablets-cols_inherit mobiles-cols_1 valign_top type_default stacking_default\"><div class=\"wpb_column vc_column_container us_custom_febc5dda\"><div class=\"vc_column-inner\"><div class=\"w-image us_custom_a640122a us_animate_this align_center\"><div class=\"w-image-h\"><img loading=\"lazy\" decoding=\"async\" width=\"320\" height=\"240\" src=\"https:\/\/bubu.balancezone.org\/wp-content\/uploads\/2022\/01\/Fp.jpeg\" class=\"attachment-large size-large\" alt=\"\" srcset=\"https:\/\/bubu.balancezone.org\/wp-content\/uploads\/2022\/01\/Fp.jpeg 320w, https:\/\/bubu.balancezone.org\/wp-content\/uploads\/2022\/01\/Fp-300x225.jpeg 300w\" sizes=\"(max-width: 320px) 100vw, 320px\" \/><\/div><\/div><div class=\"w-image us_custom_a640122a us_animate_this align_center\"><div class=\"w-image-h\"><img loading=\"lazy\" decoding=\"async\" width=\"240\" height=\"320\" src=\"https:\/\/bubu.balancezone.org\/wp-content\/uploads\/2022\/01\/Fp-copie-4.jpeg\" class=\"attachment-large size-large\" alt=\"\" srcset=\"https:\/\/bubu.balancezone.org\/wp-content\/uploads\/2022\/01\/Fp-copie-4.jpeg 240w, https:\/\/bubu.balancezone.org\/wp-content\/uploads\/2022\/01\/Fp-copie-4-225x300.jpeg 225w\" sizes=\"(max-width: 240px) 100vw, 240px\" \/><\/div><\/div><div class=\"w-image us_custom_a640122a us_animate_this align_center\"><div class=\"w-image-h\"><img loading=\"lazy\" decoding=\"async\" width=\"320\" height=\"240\" src=\"https:\/\/bubu.balancezone.org\/wp-content\/uploads\/2022\/01\/Fp-copie-5.jpeg\" class=\"attachment-large size-large\" alt=\"Goraires et r\u00e9servations\" srcset=\"https:\/\/bubu.balancezone.org\/wp-content\/uploads\/2022\/01\/Fp-copie-5.jpeg 320w, https:\/\/bubu.balancezone.org\/wp-content\/uploads\/2022\/01\/Fp-copie-5-300x225.jpeg 300w\" sizes=\"(max-width: 320px) 100vw, 320px\" \/><\/div><\/div><\/div><\/div><div class=\"wpb_column vc_column_container us_custom_26684963\"><div class=\"vc_column-inner\"><div class=\"wpb_text_column\"><div class=\"wpb_wrapper\"><p>A qui s&rsquo;adressent nos cours de Yoga ?<\/p>\n<\/div><\/div><div class=\"w-separator size_medium\"><\/div><div class=\"wpb_text_column\"><div class=\"wpb_wrapper\"><p>Cours de yoga vinyasa tout niveau :<\/p>\n<p>cette forme de yoga vinyasa est physique et dynamique, d\u00e9velopp\u00e9e par Shr\u00ce K. Pattabhi Jois, ma\u00eetre yogi qui a fortement contribu\u00e9 au d\u00e9veloppement de cette discipline spirituelle dans le monde. Les cours parisiens durent une heure ou une heure et demi. Ils sont enseign\u00e9s par des professeurs qualifi\u00e9s, certifi\u00e9s par Balance Zone qui proposent des cours tout niveau et adaptent les niveaux de pratique individuellement durant la classe collective en pr\u00e9sentiez et en visio. La pratique yogique aligne clairement le corps, l\u2019esprit et les choix de vie. Une attention particuli\u00e8re est port\u00e9e sur l\u2019alignement corporel en lien avec la respiration calme et profonde.<\/p>\n<p>Cette forme en mouvement est une m\u00e9ditation active. L\u2019exp\u00e9rience sensorielle de votre pratique vous permet de vous rapprocher de plus en plus de vous m\u00eame, des autres et du tout. De d\u00e9couvrir vos potentiels physiques et psychologiques au del\u00e0 des possibles connus.<\/p>\n<p>Par la pratique du yoga vinyasa, le corps se purifie de toutes ses toxines physiques et \u00e9motionnelles. L\u2019esprit se lib\u00e8re de ses restrictions mentales. Vous apprenez \u00e0 vous d\u00e9tacher de vos \u00e9motions. Le yoga est l\u2019unique voie vers la d\u00e9couverte de la joie infinie au del\u00e0 de l\u2019impermanence de nos vies.<\/p>\n<\/div><\/div><div class=\"w-separator size_medium\"><\/div><div class=\"wpb_text_column\"><div class=\"wpb_wrapper\"><p>Community class :<\/p>\n<p>cours de yoga tout niveau enseign\u00e9s par des stagiaires de formation professionnelle en devenir d\u2019\u00eatre professeur de yoga.<\/p>\n<\/div><\/div><div class=\"w-separator size_medium\"><\/div><div class=\"wpb_text_column\"><div class=\"wpb_wrapper\"><p>Intensive training :<\/p>\n<p>Cet Intensive Training de yoga vinyasa s\u2019adresse aux praticiens yogiques de niveau interm\u00e9diaire 2 et avanc\u00e9. \u00c9galement de professionnels de la danse, des arts martiaux, des sports de haut niveau et de combat, comme pr\u00e9paration corporelle et pr\u00e9vention des accidents.<br \/>\nCes training s\u2019articulent autour de s\u00e9quences coh\u00e9rentes de niveau avanc\u00e9. L\u2019attention est port\u00e9e sur l\u2019alignement corporel, l\u2019organicit\u00e9 des chemins physiques et physiologiques, la pleine conscience, le d\u00e9ploiement respiratoire pranique. La dur\u00e9e de deux heures qualifie l\u2019aspect avanc\u00e9 de la pratique. L\u2019intensive training est r\u00e9serv\u00e9 au niveau technique confirm\u00e9.<\/p>\n<\/div><\/div><\/div><\/div><\/div><\/div><\/section>\n","protected":false},"excerpt":{"rendered":"HorairesAccueilPagesSTUDIO NILANTHI\u00a0\u00a0\u00a0\u00a0\u00a0\u00a0\u00a0\u00a0\u00a0\u00a0\u00a0\u00a0 83, rue rebeval. 75019 Paris Lundi 19.30-21h\u00a0\u00a0\u00a0\u00a0\u00a0\u00a0\u00a0\u00a0\u00a0\u00a0\u00a0\u00a0\u00a0\u00a0\u00a0\u00a0\u00a0\u00a0 yoga vinyasa \u00a0 \u00a0 \u00a0 tout niveau Mercredi 18.30-20h\u00a0\u00a0\u00a0\u00a0\u00a0\u00a0\u00a0\u00a0\u00a0\u00a0\u00a0\u00a0\u00a0 yoga vinyasa\u00a0\u00a0\u00a0\u00a0\u00a0\u00a0\u00a0 tout niveau &nbsp; CENTRE FGO BARBARA\u00a0\u00a0\u00a0\u00a0 1, rue FLEURY. 75018 Paris Mercredi 12-14h\u00a0 \u00a0\u00a0\u00a0\u00a0\u00a0\u00a0\u00a0\u00a0\u00a0\u00a0\u00a0\u00a0\u00a0\u00a0\u00a0\u00a0\u00a0\u00a0\u00a0\u00a0 Intensive training\u00a0\u00a0\u00a0\u00a0 Interm\u00e9diaire avanc\u00e9 Vendredis 12-14h\u00a0\u00a0\u00a0\u00a0\u00a0\u00a0\u00a0\u00a0\u00a0\u00a0\u00a0\u00a0\u00a0\u00a0\u00a0\u00a0\u00a0 Intensive training\u00a0\u00a0\u00a0\u00a0\u00a0 Interm\u00e9diaire avanc\u00e9 A qui s&rsquo;adressent nos cours de Yoga ? Cours de yoga...","protected":false},"author":1,"featured_media":8082,"parent":0,"menu_order":0,"comment_status":"closed","ping_status":"closed","template":"","meta":{"_bbp_topic_count":0,"_bbp_reply_count":0,"_bbp_total_topic_count":0,"_bbp_total_reply_count":0,"_bbp_voice_count":0,"_bbp_anonymous_reply_count":0,"_bbp_topic_count_hidden":0,"_bbp_reply_count_hidden":0,"_bbp_forum_subforum_count":0,"footnotes":""},"_links":{"self":[{"href":"https:\/\/bubu.balancezone.org\/index.php?rest_route=\/wp\/v2\/pages\/7608"}],"collection":[{"href":"https:\/\/bubu.balancezone.org\/index.php?rest_route=\/wp\/v2\/pages"}],"about":[{"href":"https:\/\/bubu.balancezone.org\/index.php?rest_route=\/wp\/v2\/types\/page"}],"author":[{"embeddable":true,"href":"https:\/\/bubu.balancezone.org\/index.php?rest_route=\/wp\/v2\/users\/1"}],"replies":[{"embeddable":true,"href":"https:\/\/bubu.balancezone.org\/index.php?rest_route=%2Fwp%2Fv2%2Fcomments&post=7608"}],"version-history":[{"count":62,"href":"https:\/\/bubu.balancezone.org\/index.php?rest_route=\/wp\/v2\/pages\/7608\/revisions"}],"predecessor-version":[{"id":8454,"href":"https:\/\/bubu.balancezone.org\/index.php?rest_route=\/wp\/v2\/pages\/7608\/revisions\/8454"}],"wp:featuredmedia":[{"embeddable":true,"href":"https:\/\/bubu.balancezone.org\/index.php?rest_route=\/wp\/v2\/media\/8082"}],"wp:attachment":[{"href":"https:\/\/bubu.balancezone.org\/index.php?rest_route=%2Fwp%2Fv2%2Fmedia&parent=7608"}],"curies":[{"name":"wp","href":"https:\/\/api.w.org\/{rel}","templated":true}]}}