{"id":7968,"date":"2021-04-12T14:33:55","date_gmt":"2021-04-12T12:33:55","guid":{"rendered":"http:\/\/www.balancezone.org\/?page_id=7968"},"modified":"2022-06-03T11:59:49","modified_gmt":"2022-06-03T09:59:49","slug":"professeurs-de-yoga-2","status":"publish","type":"page","link":"https:\/\/bubu.balancezone.org\/?page_id=7968","title":{"rendered":"Professeurs de yoga"},"content":{"rendered":"<section class=\"l-section wpb_row us_custom_6f37cfb7 height_medium\"><div class=\"l-section-h i-cf\"><div class=\"g-cols vc_row via_grid cols_1 laptops-cols_inherit tablets-cols_inherit mobiles-cols_1 valign_middle type_default stacking_default\"><div class=\"wpb_column vc_column_container\"><div class=\"vc_column-inner\"><h1 class=\"w-post-elm post_title align_center entry-title color_link_inherit\">Professeurs de yoga<\/h1><ol class=\"g-breadcrumbs us_custom_eb849559 separator_icon align_none\" itemscope itemtype=\"http:\/\/schema.org\/BreadcrumbList\"><li class=\"g-breadcrumbs-item\" itemscope itemprop=\"itemListElement\" itemtype=\"http:\/\/schema.org\/ListItem\"><a itemprop=\"item\" href=\"https:\/\/bubu.balancezone.org\/\"><span itemprop=\"name\">Accueil<\/span><\/a><meta itemprop=\"position\" content=\"1\"\/><\/li><li class=\"g-breadcrumbs-separator\"><i class=\"far fa-angle-right\"><\/i><\/li><li class=\"g-breadcrumbs-item\">Pages<\/li><\/ol><\/div><\/div><\/div><\/div><\/section><section class=\"l-section wpb_row height_large\"><div class=\"l-section-h i-cf\"><div class=\"g-cols vc_row via_grid cols_1 laptops-cols_inherit tablets-cols_inherit mobiles-cols_1 valign_top type_default stacking_default\"><div class=\"wpb_column vc_column_container\"><div class=\"vc_column-inner\"><div class=\"g-cols wpb_row via_grid cols_2 laptops-cols_inherit tablets-cols_inherit mobiles-cols_1 valign_top type_default stacking_default\"><div class=\"wpb_column vc_column_container\"><div class=\"vc_column-inner\"><div class=\"w-person layout_circle with_desc\" itemscope itemtype=\"https:\/\/schema.org\/Person\"><div class=\"w-person-image\"><img loading=\"lazy\" decoding=\"async\" width=\"1024\" height=\"1024\" src=\"https:\/\/bubu.balancezone.org\/wp-content\/uploads\/2017\/08\/laurence-schroeder-2-1-1024x1024.jpg\" class=\"attachment-large size-large\" alt=\"Laurence Schroeder\" srcset=\"https:\/\/bubu.balancezone.org\/wp-content\/uploads\/2017\/08\/laurence-schroeder-2-1-1024x1024.jpg 1024w, https:\/\/bubu.balancezone.org\/wp-content\/uploads\/2017\/08\/laurence-schroeder-2-1-150x150.jpg 150w, https:\/\/bubu.balancezone.org\/wp-content\/uploads\/2017\/08\/laurence-schroeder-2-1-300x300.jpg 300w, https:\/\/bubu.balancezone.org\/wp-content\/uploads\/2017\/08\/laurence-schroeder-2-1-768x768.jpg 768w, https:\/\/bubu.balancezone.org\/wp-content\/uploads\/2017\/08\/laurence-schroeder-2-1-600x600.jpg 600w, https:\/\/bubu.balancezone.org\/wp-content\/uploads\/2017\/08\/laurence-schroeder-2-1-350x350.jpg 350w, https:\/\/bubu.balancezone.org\/wp-content\/uploads\/2017\/08\/laurence-schroeder-2-1.jpg 1200w\" sizes=\"(max-width: 1024px) 100vw, 1024px\" \/><\/div><div class=\"w-person-content\"><h4 itemprop=\"name\" class=\"w-person-name\"><span>Laurence Schroeder<\/span><\/h4><div class=\"w-person-role\" itemprop=\"jobTitle\">P\u00e9dagogie, anatomie<\/div><div class=\"w-person-description\" itemprop=\"description\"><p>Fondatrice de Balance Zone. Directrice p\u00e9dagogique des formations professionnelles continues Balance Zone <\/p>\n<\/div><\/div><\/div><div class=\"w-popup w-btn-wrapper align_center\"><button aria-label=\"Biographie\" class=\"w-popup-trigger type_btn w-btn us-btn-style_11\"><span class=\"w-btn-label\">Biographie<\/span><\/button><div class=\"w-popup-overlay\" style=\"background:rgba(0,0,0,0.85);\"><\/div><div class=\"w-popup-wrap\" style=\"--title-color:var(--color-content-heading);--title-bg-color:var(--color-content-bg-alt);--content-color:var(--color-content-text);--content-bg-color:var(--color-content-bg)\"><div class=\"w-popup-box animation_fadeIn closerpos_outside without_title\" style=\"width:800px;\"><div class=\"w-popup-box-h\"><div class=\"w-popup-box-content\" style=\"padding:5%;\"><p>Forme\u0301e a\u0300 la danse classique au conservatoire d\u2019Avignon, Laurence Schroeder inte\u0300gre en 1989 l\u2019INSEP danse de Montpellier, puis commence une carrie\u0300re internationale d\u2019artiste chore\u0301graphique sur les sce\u0300nes du monde. En 2001, de retour a\u0300 Paris, elle est diplo\u0302me\u0301e en chore\u0301ologie Laban au Conservatoire National Supe\u0301rieur de Danse et de Musique de Paris, e\u0301galement diplo\u0302me\u0301e d\u2019Etat de l\u2019enseignement de la danse au Centre National de Danse de Paris en 2002.<\/p>\n<p>Elle re\u0301side 7 ans a\u0300 New York afin d\u2019y explorer, de\u0301velopper sa pratique de danse d\u2019improvisation, de danse contact improvisation. Elle s\u2019engage dans l\u2019enseignement de la danse pour enfants sourds et muets ainsi que la cre\u0301ation chore\u0301graphique. C\u2019est a\u0300 New York, qu\u2019elle de\u0301cide d\u2019apprendre et de s\u2019approprier les me\u0301thodes d\u2019enseignement du yoga vinyasa qu\u2019elle pratiquait de\u0301ja\u0300. Depuis ces 30 dernie\u0300res anne\u0301es, le yoga, le tai chi, le qi gong, la danse,la me\u0301thode Feldenkrais et l\u2019analyse du mouvement danse\u0301 l\u2019ont accompagne\u0301e.<\/p>\n<p>De retour a\u0300 Paris, elle se consacrer a\u0300 la transmission du yoga, a\u0300 la recherche perpe\u0301tuelle de l\u2019essence de soi, la gra\u0302ce l\u2019authenticite\u0301 par la pratique yogique. Dans ses cours collectifs et prive\u0301s, elle est sensible \u00e0 la profondeur, l\u2019intensite\u0301 et la pre\u0301vention des accidents physiques du praticien en mouvement, de\u0301butant, interme\u0301diaire, amateur ou professionnel. Elle cre\u0301e les formations professionnelles continues diplo\u0302mantes axe\u0301es sur<br \/>\nla pe\u0301dagogie, afin que le monde se de\u0301ploie par la compre\u0301hension consciente des voies du corps, de la libe\u0301ration de l\u2019esprit et de l\u2019exultation de l\u2019a\u0302me.<\/p>\n<\/div><\/div><\/div><div class=\"w-popup-closer\"><\/div><\/div><\/div><\/div><\/div><div class=\"wpb_column vc_column_container\"><div class=\"vc_column-inner\"><div class=\"w-person layout_circle\" itemscope itemtype=\"https:\/\/schema.org\/Person\"><div class=\"w-person-image\"><img loading=\"lazy\" decoding=\"async\" width=\"422\" height=\"393\" src=\"https:\/\/bubu.balancezone.org\/wp-content\/uploads\/2021\/04\/cassandre-munoz-1.jpg\" class=\"attachment-large size-large\" alt=\"cassandre-munoz\" srcset=\"https:\/\/bubu.balancezone.org\/wp-content\/uploads\/2021\/04\/cassandre-munoz-1.jpg 422w, https:\/\/bubu.balancezone.org\/wp-content\/uploads\/2021\/04\/cassandre-munoz-1-300x279.jpg 300w\" sizes=\"(max-width: 422px) 100vw, 422px\" \/><\/div><div class=\"w-person-content\"><h4 itemprop=\"name\" class=\"w-person-name\"><span>Cassandre Mu\u00f1oz<\/span><\/h4><div class=\"w-person-role\" itemprop=\"jobTitle\">Professeur de Yoga<\/div><\/div><\/div><div class=\"w-popup w-btn-wrapper align_center\"><button aria-label=\"Biographie\" class=\"w-popup-trigger type_btn w-btn us-btn-style_12\"><span class=\"w-btn-label\">Biographie<\/span><\/button><div class=\"w-popup-overlay\" style=\"background:rgba(0,0,0,0.85);\"><\/div><div class=\"w-popup-wrap\" style=\"--title-color:var(--color-content-heading);--title-bg-color:var(--color-content-bg-alt);--content-color:var(--color-content-text);--content-bg-color:var(--color-content-bg)\"><div class=\"w-popup-box animation_fadeIn closerpos_outside without_title\" style=\"width:800px;\"><div class=\"w-popup-box-h\"><div class=\"w-popup-box-content\" style=\"padding:5%;\"><p>Cassandre Munoz est artiste interpre\u0300te, danseuse chore\u0301graphe et performeuse. Enfant, elle se forme aupre\u0300s de Patricia Ferrara qui l\u2019introduit a\u0300 l\u2019ici et maintenant d\u2019un corps-paysage. Durant sa formation au CDCN Toulouse La Place de la Danse (2012-2014), elle participe aux cre\u0301ations d\u2019Aure\u0301lien Richard, Rita Cioffi, Sophie Perez et Xavier Boussiron et Fabrice Lambert.<\/p>\n<p>Depuis, elle de\u0301veloppe une pratique corps\/souffle\/voix en ne\u0301gociation permanente entre expe\u0301rimentation et repre\u0301sentation aupre\u0300s de Jean-Marc Matos, Volmir Cordeiro, Marc Thieret, Yair Barelli, Pierre-Benoit Duchet, Nathalie Broizat, Anatoli Vlassov et \u00e0 partir de 2021, Emmanuel Eggermont. En paralle\u0300le, elle est a\u0300 l\u2019initiative du collectif Volubile spe\u0301cialise\u0301 dans la performance In Situ (2009-2014) et de la compagnie So Far dont la deuxie\u0300me cre\u0301ation Personne (titre provisoire) est accueillie en re\u0301sidence chez Phia Me\u0301nard, Christophe Haleb et au CND Pantin en 2020.<\/p>\n<p>En 2016, elle reprend ses e\u0301tudes universitaires a\u0300 Paris 8 pour apporter une dimension the\u0301orique a\u0300 sa de\u0301marche. Depuis 2019, elle performe The Well Cosmos avec Lisa Boostani, artiste visuelle, sur des formats longs, notamment au Centre Pompidou. Sa rencontre avec Laurence Shroeder en 2017 la plonge dans une routine Yogique.<\/p>\n<p>Titulaire d&rsquo;un certificat 500h Yoga Alliance International et forte de ses exp\u00e9riences plurielles, elle d\u00e9ploie une pratique de Yoga Hatha Vinhasa o\u00f9 la conscience de nos postures intimes et collectives tisse \u00e0 travers le mouvement un \u00e9quilibre entre puissance, souplesse et fluidit\u00e9.<\/p>\n<\/div><\/div><\/div><div class=\"w-popup-closer\"><\/div><\/div><\/div><\/div><\/div><\/div><div class=\"w-separator size_medium\"><\/div><div class=\"g-cols wpb_row via_grid cols_3 laptops-cols_inherit tablets-cols_inherit mobiles-cols_1 valign_top type_default stacking_default\"><div class=\"wpb_column vc_column_container\"><div class=\"vc_column-inner\"><div class=\"w-person layout_circle\" itemscope itemtype=\"https:\/\/schema.org\/Person\"><div class=\"w-person-image\"><img loading=\"lazy\" decoding=\"async\" width=\"240\" height=\"240\" src=\"https:\/\/bubu.balancezone.org\/wp-content\/uploads\/2021\/09\/Sarah-mendoza-bsport_VGXO7Oa.jpeg\" class=\"attachment-large size-large\" alt=\"Sarah mendoza\" srcset=\"https:\/\/bubu.balancezone.org\/wp-content\/uploads\/2021\/09\/Sarah-mendoza-bsport_VGXO7Oa.jpeg 240w, https:\/\/bubu.balancezone.org\/wp-content\/uploads\/2021\/09\/Sarah-mendoza-bsport_VGXO7Oa-150x150.jpeg 150w\" sizes=\"(max-width: 240px) 100vw, 240px\" \/><\/div><div class=\"w-person-content\"><h4 itemprop=\"name\" class=\"w-person-name\"><span>Sarah Mendoza<\/span><\/h4><div class=\"w-person-role\" itemprop=\"jobTitle\">Professeur de Yoga<\/div><\/div><\/div><div class=\"w-popup w-btn-wrapper align_center\"><button aria-label=\"Biographie\" class=\"w-popup-trigger type_btn w-btn us-btn-style_13\"><span class=\"w-btn-label\">Biographie<\/span><\/button><div class=\"w-popup-overlay\" style=\"background:rgba(0,0,0,0.85);\"><\/div><div class=\"w-popup-wrap\" style=\"--title-color:var(--color-content-heading);--title-bg-color:var(--color-content-bg-alt);--content-color:var(--color-content-text);--content-bg-color:var(--color-content-bg)\"><div class=\"w-popup-box animation_fadeIn closerpos_outside without_title\" style=\"width:800px;\"><div class=\"w-popup-box-h\"><div class=\"w-popup-box-content\" style=\"padding:5%;\"><div class=\"\"><span class=\"\"><span class=\"\" style=\"font-family: AvenirNext-Regular;\">Re\u00e7ue au P\u00f4le Sup\u00e9rieur Paris Boulogne-Billancourt en 2014, elle d\u00e9veloppe sa cr\u00e9ativit\u00e9 et sa technique pendant 3 ans jusqu&rsquo;\u00e0 l&rsquo;obtention du Dipl\u00f4me National Sup\u00e9rieur du Danseur en jazz.<\/span><\/span><\/div>\n<div class=\"\">\n<div class=\"jss15384\">\n<div class=\"MuiTypography-root-15023 MuiTypography-body1-15025\">\n<div class=\"\"><span class=\"\"><span class=\"\" style=\"font-family: AvenirNext-Regular;\">Son attrait pour les \u00e9tudes se r\u00e9v\u00e8le d\u00e8s l&rsquo;ann\u00e9e post-bac puisqu&rsquo;elle entreprend entre 2009 et 2014 un cursus en Langues, Litt\u00e9ratures et Civilisation \u00c9trang\u00e8res en recherche sp\u00e9cialit\u00e9 espagnol jusqu&rsquo;au Master 2, \u00e0 l&rsquo;Universit\u00e9 Caen Normandie. En danse, elle obtient la Licence Danse \u00e0 l&rsquo;Universit\u00e9 Paris 8. Elle d\u00e9couvre \u00e9galement les grandes \u00e9coles de danses new-yorkaises comme la Alvin Ailey Dance School, la Martha Graham School, Steps, Peridance, Broadway Dance Center lors d&rsquo;un stage intensif.<\/span><\/span><\/div>\n<div class=\"\"><span class=\"\" style=\"font-family: AvenirNext-Regular;\">\u00a0<\/span><\/div>\n<div class=\"\"><span class=\"\"><span class=\"\" style=\"font-family: AvenirNext-Regular;\">Sarah est membre de la Cie M\u00e2le (Johana Mal\u00e9don) qui a remport\u00e9 le Grand Prix du Jury 2019 du concours Sobanova Dance Awards, du N&rsquo;kialeko Dance Project (Joel Luzolo), De la Cie du Sol Agit\u00e9 et des Ballets Jazz Rick Odums. Elle obtient \u00e9galement le Dipl\u00f4me d\u2019\u00c9tat de professeur en danse jazz en juin 2019.<\/span><\/span><\/div>\n<div class=\"\"><span class=\"\" style=\"font-family: AvenirNext-Regular;\">\u00a0<\/span><\/div>\n<div class=\"\"><span class=\"\"><span class=\"\" style=\"font-family: AvenirNext-Regular;\">Sa rencontre avec Laurence Schroeder en 2020 la propulsera dans le monde du yoga. Titulaire d\u2019un certificat 300H Yoga Alliance International, elle construit une approche p\u00e9dagogique autour de l&rsquo;adaptabilit\u00e9, du rythme et de la fluidit\u00e9.<\/span><\/span><\/div>\n<div><\/div>\n<div class=\"\"><span class=\"\"><span class=\"\" style=\"font-family: AvenirNext-Regular;\">cr\u00e9dits photo : Arthur Sloth<\/span><\/span><\/div>\n<div class=\"\"><\/div>\n<\/div>\n<\/div>\n<\/div>\n<\/div><\/div><\/div><div class=\"w-popup-closer\"><\/div><\/div><\/div><\/div><\/div><div class=\"wpb_column vc_column_container\"><div class=\"vc_column-inner\"><div class=\"w-person layout_circle\" itemscope itemtype=\"https:\/\/schema.org\/Person\"><div class=\"w-person-image\"><img loading=\"lazy\" decoding=\"async\" width=\"213\" height=\"213\" src=\"https:\/\/bubu.balancezone.org\/wp-content\/uploads\/2021\/09\/Namiko-credit-Christophe-Crenel7_6xiryNm.jpeg\" class=\"attachment-large size-large\" alt=\"Namiko\" srcset=\"https:\/\/bubu.balancezone.org\/wp-content\/uploads\/2021\/09\/Namiko-credit-Christophe-Crenel7_6xiryNm.jpeg 213w, https:\/\/bubu.balancezone.org\/wp-content\/uploads\/2021\/09\/Namiko-credit-Christophe-Crenel7_6xiryNm-150x150.jpeg 150w\" sizes=\"(max-width: 213px) 100vw, 213px\" \/><\/div><div class=\"w-person-content\"><h4 itemprop=\"name\" class=\"w-person-name\"><span>Namiko Gahier<\/span><\/h4><div class=\"w-person-role\" itemprop=\"jobTitle\">Professeur de Yoga<\/div><\/div><\/div><div class=\"w-popup w-btn-wrapper align_center\"><button aria-label=\"Biographie\" class=\"w-popup-trigger type_btn w-btn us-btn-style_14\"><span class=\"w-btn-label\">Biographie<\/span><\/button><div class=\"w-popup-overlay\" style=\"background:rgba(0,0,0,0.85);\"><\/div><div class=\"w-popup-wrap\" style=\"--title-color:var(--color-content-heading);--title-bg-color:var(--color-content-bg-alt);--content-color:var(--color-content-text);--content-bg-color:var(--color-content-bg)\"><div class=\"w-popup-box animation_fadeIn closerpos_outside without_title\" style=\"width:800px;\"><div class=\"w-popup-box-h\"><div class=\"w-popup-box-content\" style=\"padding:5%;\"><p><span class=\"\" style=\"font-family: AvenirNext-Regular;\">Apr\u00e8s un master 2 de Lettres modernes et un D.E.U.G. de japonais \u00e0 Jussieu\/Paris VII, elle se forme \u00e0 l&rsquo;Institut International Rick Odums en danse jazz, et suit des cours en open class \u00e0 l\u2019Alvin Ailey School de New York, la ville qui lui fait d\u00e9couvrir le yoga. Elle finalise son dipl\u00f4me d&rsquo;\u00e9tudes sup\u00e9rieures en piano classique au conservatoire et entame son travail d&rsquo;interpr\u00e8te en danse contemporaine et improvisation, tout en cr\u00e9ant des pi\u00e8ces pluridisciplinaires au sein de la Cie Yum\u00e9 Arts dont elle assure la direction artistique. <\/span><\/p>\n<p><span class=\"\" style=\"font-family: AvenirNext-Regular;\">Elle travaille en Irlande du Nord pour la Dylan Quinn Dance Theater Company, \u00e0 Santiago du Chili pour la Compania Agua Sakra, et danse \u00e9galement dans des productions d&rsquo;op\u00e9ra: English National Opera, Deutsch National Opera d&rsquo;Amsterdam, Opera Vlaanderen d&rsquo;Anvers, Baden-Baden Festival en Allemagne (op\u00e9ras de Wagner, Berlioz, Haendel et Rameau). <\/span><\/p>\n<p><span class=\"\" style=\"font-family: AvenirNext-Regular;\">Depuis quelques ann\u00e9es, elle chor\u00e9graphie pour les productions d&rsquo;op\u00e9ras et devient movement director pour Madama Butterfly de Puccini, Iris de Mascagni \u00e0 Opera Holland Park de Londres, au Scottish Opera de Glasgow, puis en 2020 au Royal Opera House pour l&rsquo;oratorio Suzanna de Haendel. Elle danse aujourd&rsquo;hui au sein de l&rsquo;ensemble musical de Ga\u00ebl Mevel (Cie Artefact) et d\u00e9veloppe des collaborations chor\u00e9graphiques pour le th\u00e9\u00e2tre avec les metteur-e-s en sc\u00e8ne Carine Piazzi, Damien Luce et Sonia Jacob. <\/span><\/p>\n<p><span class=\"\" style=\"font-family: AvenirNext-Regular;\">Certifi\u00e9e coach RNCP niveau 1 en 2017, elle poursuit ses apprentissages avec la certification Balance Zone Yoga (formation 300H) et construit patiemment une approche p\u00e9dagogique autour de la ma\u00eetrise de l&rsquo;\u00e9quilibre et de la confiance en soi par le corps. La pratique du yoga fait partie int\u00e9grante de sa vie de danseuse depuis plus de 20 ans.<\/span><\/p>\n<\/div><\/div><\/div><div class=\"w-popup-closer\"><\/div><\/div><\/div><\/div><\/div><div class=\"wpb_column vc_column_container\"><div class=\"vc_column-inner\"><div class=\"w-person layout_circle\" itemscope itemtype=\"https:\/\/schema.org\/Person\"><div class=\"w-person-image\"><img loading=\"lazy\" decoding=\"async\" width=\"240\" height=\"240\" src=\"https:\/\/bubu.balancezone.org\/wp-content\/uploads\/2021\/09\/SHIHYA-PENG.jpeg\" class=\"attachment-large size-large\" alt=\"SHIHYA PENG\" srcset=\"https:\/\/bubu.balancezone.org\/wp-content\/uploads\/2021\/09\/SHIHYA-PENG.jpeg 240w, https:\/\/bubu.balancezone.org\/wp-content\/uploads\/2021\/09\/SHIHYA-PENG-150x150.jpeg 150w\" sizes=\"(max-width: 240px) 100vw, 240px\" \/><\/div><div class=\"w-person-content\"><h4 itemprop=\"name\" class=\"w-person-name\"><span>Shihya Peng<\/span><\/h4><div class=\"w-person-role\" itemprop=\"jobTitle\">Professeur de Yoga<\/div><\/div><\/div><div class=\"w-popup w-btn-wrapper align_center\"><button aria-label=\"Biographie\" class=\"w-popup-trigger type_btn w-btn us-btn-style_15\"><span class=\"w-btn-label\">Biographie<\/span><\/button><div class=\"w-popup-overlay\" style=\"background:rgba(0,0,0,0.85);\"><\/div><div class=\"w-popup-wrap\" style=\"--title-color:var(--color-content-heading);--title-bg-color:var(--color-content-bg-alt);--content-color:var(--color-content-text);--content-bg-color:var(--color-content-bg)\"><div class=\"w-popup-box animation_fadeIn closerpos_outside without_title\" style=\"width:800px;\"><div class=\"w-popup-box-h\"><div class=\"w-popup-box-content\" style=\"padding:5%;\"><div class=\"\">\n<p class=\"\"><span class=\"\" style=\"font-family: AvenirNext-Regular;\">N\u00e9e a Taiwan, Shihya pratique depuis l\u2019\u00e2ge de 8 ans sa passion pour diff\u00e9rentes\u00a0 danses. Elle a une solide formation et exp\u00e9rience en danse classique,contemporaine et danse traditionnelle chinoise.<\/span><\/p>\n<p class=\"\"><span class=\"\" style=\"font-family: AvenirNext-Regular;\">En 2009 elle obtient une bourse pour faire ses \u00e9tude aux Etats-Unis o\u00f9 elle obtient son Master \u00e0 l&rsquo;Universit\u00e9 d&rsquo;Utah department of Modern Dance en danse moderne et contemporaine. Par la suite elle s\u2019installe en France afin de faire \u00e9voluer sa danse et sa carri\u00e8re.<\/span><\/p>\n<p class=\"\"><span class=\"\" style=\"font-family: AvenirNext-Regular;\">Au cours de sa carri\u00e8re, elle a collabor\u00e9 avec Fran\u00e7ois Chaignaud et Cecilia Bengolea,\u00a0Collectif (LA) HORDE, Barbara Matijevic et Giuseppe Chico,\u00a0Karine Saporta, James Carl\u00e8s, Julien Lestel, \u00a0Chantal Lo\u00efal,\u00a0Th\u00e9\u00e2tre du Ch\u00e2telet,\u00a0Op\u00e9ra de Marseille&#8230;<\/span><\/p>\n<p class=\"\"><span class=\"\" style=\"font-family: AvenirNext-Regular;\">En 2017, elle travaille avec la Compagnie Wang Ramirez pour la nouvelle cr\u00e9ation \u00ab\u00a0We Are Monchichi\u00a0\u00bb.\u00a0<\/span><\/p>\n<div class=\"\"><span class=\"\"><span class=\"\" style=\"font-family: AvenirNext-Regular;\">Sa rencontre avec Laurence Schroeder en 2020 la propulsera dans le monde du yoga. Titulaire d\u2019un certificat 300H Yoga Alliance International<\/span><\/span><\/div>\n<\/div>\n<\/div><\/div><\/div><div class=\"w-popup-closer\"><\/div><\/div><\/div><\/div><\/div><\/div><\/div><\/div><\/div><\/div><\/section>\n","protected":false},"excerpt":{"rendered":"Professeurs de yogaAccueilPagesLaurence SchroederP\u00e9dagogie, anatomieFondatrice de Balance Zone. Directrice p\u00e9dagogique des formations professionnelles continues Balance Zone BiographieForme\u0301e a\u0300 la danse classique au conservatoire d\u2019Avignon, Laurence Schroeder inte\u0300gre en 1989 l\u2019INSEP danse de Montpellier, puis commence une carrie\u0300re internationale d\u2019artiste chore\u0301graphique sur les sce\u0300nes du monde. En 2001, de retour a\u0300 Paris, elle est diplo\u0302me\u0301e en...","protected":false},"author":1,"featured_media":6154,"parent":0,"menu_order":0,"comment_status":"closed","ping_status":"closed","template":"","meta":{"_bbp_topic_count":0,"_bbp_reply_count":0,"_bbp_total_topic_count":0,"_bbp_total_reply_count":0,"_bbp_voice_count":0,"_bbp_anonymous_reply_count":0,"_bbp_topic_count_hidden":0,"_bbp_reply_count_hidden":0,"_bbp_forum_subforum_count":0,"footnotes":""},"_links":{"self":[{"href":"https:\/\/bubu.balancezone.org\/index.php?rest_route=\/wp\/v2\/pages\/7968"}],"collection":[{"href":"https:\/\/bubu.balancezone.org\/index.php?rest_route=\/wp\/v2\/pages"}],"about":[{"href":"https:\/\/bubu.balancezone.org\/index.php?rest_route=\/wp\/v2\/types\/page"}],"author":[{"embeddable":true,"href":"https:\/\/bubu.balancezone.org\/index.php?rest_route=\/wp\/v2\/users\/1"}],"replies":[{"embeddable":true,"href":"https:\/\/bubu.balancezone.org\/index.php?rest_route=%2Fwp%2Fv2%2Fcomments&post=7968"}],"version-history":[{"count":9,"href":"https:\/\/bubu.balancezone.org\/index.php?rest_route=\/wp\/v2\/pages\/7968\/revisions"}],"predecessor-version":[{"id":8231,"href":"https:\/\/bubu.balancezone.org\/index.php?rest_route=\/wp\/v2\/pages\/7968\/revisions\/8231"}],"wp:featuredmedia":[{"embeddable":true,"href":"https:\/\/bubu.balancezone.org\/index.php?rest_route=\/wp\/v2\/media\/6154"}],"wp:attachment":[{"href":"https:\/\/bubu.balancezone.org\/index.php?rest_route=%2Fwp%2Fv2%2Fmedia&parent=7968"}],"curies":[{"name":"wp","href":"https:\/\/api.w.org\/{rel}","templated":true}]}}