{"id":8283,"date":"2022-12-07T08:10:28","date_gmt":"2022-12-07T07:10:28","guid":{"rendered":"http:\/\/www.balancezone.org\/?page_id=8283"},"modified":"2023-10-22T12:49:22","modified_gmt":"2023-10-22T10:49:22","slug":"intensive-training-2","status":"publish","type":"page","link":"https:\/\/bubu.balancezone.org\/?page_id=8283","title":{"rendered":"Intensive training 100h"},"content":{"rendered":"<section class=\"l-section wpb_row height_small color_secondary\"><div class=\"l-section-h i-cf\"><div class=\"g-cols vc_row via_grid cols_2 laptops-cols_inherit tablets-cols_inherit mobiles-cols_1 valign_middle type_default stacking_default\"><div class=\"wpb_column vc_column_container\"><div class=\"vc_column-inner\"><h1 class=\"w-post-elm post_title align_left entry-title color_link_inherit\">Intensive training 100h<\/h1><\/div><\/div><div class=\"wpb_column vc_column_container\"><div class=\"vc_column-inner\"><ol class=\"g-breadcrumbs separator_icon align_right\" itemscope itemtype=\"http:\/\/schema.org\/BreadcrumbList\"><li class=\"g-breadcrumbs-item\" itemscope itemprop=\"itemListElement\" itemtype=\"http:\/\/schema.org\/ListItem\"><a itemprop=\"item\" href=\"https:\/\/bubu.balancezone.org\/\"><span itemprop=\"name\">Accueil<\/span><\/a><meta itemprop=\"position\" content=\"1\"\/><\/li><li class=\"g-breadcrumbs-separator\"><i class=\"far fa-angle-right\"><\/i><\/li><li class=\"g-breadcrumbs-item\">Pages<\/li><\/ol><\/div><\/div><\/div><\/div><\/section><section class=\"l-section wpb_row height_auto width_full\"><div class=\"l-section-h i-cf\"><div class=\"g-cols vc_row via_grid cols_1 laptops-cols_inherit tablets-cols_inherit mobiles-cols_1 valign_top type_default stacking_default\"><div class=\"wpb_column vc_column_container\"><div class=\"vc_column-inner\"><div class=\"w-image align_center\"><div class=\"w-image-h\"><img loading=\"lazy\" decoding=\"async\" width=\"2000\" height=\"363\" src=\"https:\/\/bubu.balancezone.org\/wp-content\/uploads\/2019\/08\/INTENSIVE-TRAINING.jpg\" class=\"attachment-full size-full\" alt=\"INTENSIVE TRAINING\" srcset=\"https:\/\/bubu.balancezone.org\/wp-content\/uploads\/2019\/08\/INTENSIVE-TRAINING.jpg 2000w, https:\/\/bubu.balancezone.org\/wp-content\/uploads\/2019\/08\/INTENSIVE-TRAINING-300x54.jpg 300w, https:\/\/bubu.balancezone.org\/wp-content\/uploads\/2019\/08\/INTENSIVE-TRAINING-1024x186.jpg 1024w, https:\/\/bubu.balancezone.org\/wp-content\/uploads\/2019\/08\/INTENSIVE-TRAINING-600x109.jpg 600w, https:\/\/bubu.balancezone.org\/wp-content\/uploads\/2019\/08\/INTENSIVE-TRAINING-768x139.jpg 768w\" sizes=\"(max-width: 2000px) 100vw, 2000px\" \/><\/div><\/div><\/div><\/div><\/div><\/div><\/section><!-- Row Backgrounds --><div class=\"upb_color\" data-bg-override=\"0\" data-bg-color=\"#000000\" data-fadeout=\"\" data-fadeout-percentage=\"30\" data-parallax-content=\"\" data-parallax-content-sense=\"30\" data-row-effect-mobile-disable=\"true\" data-img-parallax-mobile-disable=\"true\" data-rtl=\"false\"  data-custom-vc-row=\"\"  data-vc=\"6.11.0\"  data-is_old_vc=\"\"  data-theme-support=\"\"   data-overlay=\"false\" data-overlay-color=\"\" data-overlay-pattern=\"\" data-overlay-pattern-opacity=\"\" data-overlay-pattern-size=\"\"    ><\/div><section class=\"l-section wpb_row height_medium\"><div class=\"l-section-h i-cf\"><div class=\"g-cols vc_row via_grid cols_1-2-1 laptops-cols_inherit tablets-cols_inherit mobiles-cols_1 valign_top type_default stacking_default\"><div class=\"wpb_column vc_column_container\"><div class=\"vc_column-inner\"><div class=\"w-btn-wrapper align_center\"><a class=\"w-btn us-btn-style_1\" target=\"_blank\" href=\"http:\/\/www.balancezone.org\/wp-content\/uploads\/2023\/10\/BROCHURE-INTENSIVE-TRAINING-100h-2024.pdf\" rel=\"noopener\"><span class=\"w-btn-label\">T\u00e9l\u00e9charger la brochure<\/span><\/a><\/div><\/div><\/div><div class=\"wpb_column vc_column_container\"><div class=\"vc_column-inner\"><div class=\"wpb_text_column\"><div class=\"wpb_wrapper\"><p style=\"text-align: center;\"><span style=\"color: #99cc00;\"><strong>100h DE FORMATION<\/strong><\/span><br \/>\n<span style=\"color: #99cc00;\"><strong>Du 1O janvier au 28 juin 2024<\/strong><\/span><br \/>\n<span style=\"color: #99cc00;\">1500,00\u20ac TTC<\/span><\/p>\n<p style=\"text-align: center;\">Certifi\u00e9 BALANCE ZONE<\/p>\n<p style=\"text-align: center;\">Label Qualit\u00e9 : Qualiopi Datadock<\/p>\n<p style=\"text-align: center;\">Partenaires financiers : AFDAS, P\u00d4LE EMPLOI, OPCO, AGEFIPH, FIFPL<\/p>\n<\/div><\/div><div class=\"w-separator size_small\"><\/div><div class=\"wpb_text_column\"><div class=\"wpb_wrapper\"><p style=\"text-align: center;\">Cet Intensive Training s\u2019adresse aux danseurs, com\u00e9diens, circassiens, enseignants<br \/>\nde danse, de yoga. Et professions sportives, praticiens professionnels de sports de<br \/>\nhaut niveau et de combat. Ces trainings s\u2019articulent autour de s\u00e9quences coh\u00e9rentes<br \/>\nde niveau avanc\u00e9 qui sont des cl\u00e9s de pr\u00e9paration physique \u00e0 votre activit\u00e9.<br \/>\nL\u2019attention est port\u00e9e sur l\u2019alignement corporel, l\u2019organicit\u00e9 des chemins physiques et<br \/>\nphysiologiques, la pleine conscience, le d\u00e9ploiement respiratoire.<br \/>\nLa dur\u00e9e de deux heures de chaque module qualifie l\u2019aspect avanc\u00e9 de la pratique.<br \/>\nL\u2019intensive training est r\u00e9serv\u00e9 au seul niveau technique confirm\u00e9.<\/p>\n<\/div><\/div><\/div><\/div><div class=\"wpb_column vc_column_container\"><div class=\"vc_column-inner\"><\/div><\/div><\/div><\/div><\/section><section class=\"l-section wpb_row height_medium\"><div class=\"l-section-h i-cf\"><div class=\"g-cols vc_row via_grid cols_4 laptops-cols_inherit tablets-cols_inherit mobiles-cols_1 valign_top type_default stacking_default\"><div class=\"wpb_column vc_column_container\"><div class=\"vc_column-inner\"><div class=\"w-image align_center\"><a href=\"https:\/\/bubu.balancezone.org\/wp-content\/uploads\/2022\/12\/1.jpg\" ref=\"magnificPopup\" aria-label=\"Lien\" class=\"w-image-h\"><img loading=\"lazy\" decoding=\"async\" width=\"794\" height=\"992\" src=\"https:\/\/bubu.balancezone.org\/wp-content\/uploads\/2022\/12\/1.jpg\" class=\"attachment-full size-full\" alt=\"\" srcset=\"https:\/\/bubu.balancezone.org\/wp-content\/uploads\/2022\/12\/1.jpg 794w, https:\/\/bubu.balancezone.org\/wp-content\/uploads\/2022\/12\/1-240x300.jpg 240w, https:\/\/bubu.balancezone.org\/wp-content\/uploads\/2022\/12\/1-600x750.jpg 600w, https:\/\/bubu.balancezone.org\/wp-content\/uploads\/2022\/12\/1-320x400.jpg 320w, https:\/\/bubu.balancezone.org\/wp-content\/uploads\/2022\/12\/1-768x960.jpg 768w, https:\/\/bubu.balancezone.org\/wp-content\/uploads\/2022\/12\/1-300x375.jpg 300w, https:\/\/bubu.balancezone.org\/wp-content\/uploads\/2022\/12\/1-200x250.jpg 200w\" sizes=\"(max-width: 794px) 100vw, 794px\" \/><\/a><\/div><\/div><\/div><\/div><\/div><\/section><section class=\"l-section wpb_row height_medium\"><div class=\"l-section-h i-cf\"><div class=\"g-cols vc_row via_grid cols_4 laptops-cols_inherit tablets-cols_inherit mobiles-cols_1 valign_top type_default stacking_default\"><div class=\"wpb_column vc_column_container\"><div class=\"vc_column-inner\"><\/div><\/div><div class=\"wpb_column vc_column_container\"><div class=\"vc_column-inner\"><\/div><\/div><div class=\"wpb_column vc_column_container\"><div class=\"vc_column-inner\"><\/div><\/div><div class=\"wpb_column vc_column_container\"><div class=\"vc_column-inner\"><\/div><\/div><\/div><\/div><\/section><section class=\"l-section wpb_row height_medium color_secondary\"><div class=\"l-section-h i-cf\"><div class=\"g-cols vc_row via_grid cols_1 laptops-cols_inherit tablets-cols_inherit mobiles-cols_1 valign_top type_default stacking_default\"><div class=\"wpb_column vc_column_container\"><div class=\"vc_column-inner\"><div class=\"w-btn-wrapper align_center\"><a class=\"w-btn us-btn-style_1\" target=\"_blank\" href=\"http:\/\/www.balancezone.org\/wp-content\/uploads\/2022\/12\/BROCHURE-INTENSIVE-TRAINING-100h-2.pdf\" rel=\"noopener\"><span class=\"w-btn-label\">T\u00e9l\u00e9charger la brochure<\/span><\/a><\/div><\/div><\/div><\/div><\/div><\/section><!-- Row Backgrounds --><div class=\"upb_color\" data-bg-override=\"0\" data-bg-color=\"#a1c038\" data-fadeout=\"\" data-fadeout-percentage=\"30\" data-parallax-content=\"\" data-parallax-content-sense=\"30\" data-row-effect-mobile-disable=\"true\" data-img-parallax-mobile-disable=\"true\" data-rtl=\"false\"  data-custom-vc-row=\"\"  data-vc=\"6.11.0\"  data-is_old_vc=\"\"  data-theme-support=\"\"   data-overlay=\"false\" data-overlay-color=\"\" data-overlay-pattern=\"\" data-overlay-pattern-opacity=\"\" data-overlay-pattern-size=\"\"    ><\/div>\n","protected":false},"excerpt":{"rendered":"Intensive training 100hAccueilPagesT\u00e9l\u00e9charger la brochure100h DE FORMATION Du 1O janvier au 28 juin 2024 1500,00\u20ac TTC Certifi\u00e9 BALANCE ZONE Label Qualit\u00e9 : Qualiopi Datadock Partenaires financiers : AFDAS, P\u00d4LE EMPLOI, OPCO, AGEFIPH, FIFPL Cet Intensive Training s\u2019adresse aux danseurs, com\u00e9diens, circassiens, enseignants de danse, de yoga. Et professions sportives, praticiens professionnels de sports de haut...","protected":false},"author":1,"featured_media":0,"parent":0,"menu_order":0,"comment_status":"closed","ping_status":"closed","template":"","meta":{"_bbp_topic_count":0,"_bbp_reply_count":0,"_bbp_total_topic_count":0,"_bbp_total_reply_count":0,"_bbp_voice_count":0,"_bbp_anonymous_reply_count":0,"_bbp_topic_count_hidden":0,"_bbp_reply_count_hidden":0,"_bbp_forum_subforum_count":0,"footnotes":""},"_links":{"self":[{"href":"https:\/\/bubu.balancezone.org\/index.php?rest_route=\/wp\/v2\/pages\/8283"}],"collection":[{"href":"https:\/\/bubu.balancezone.org\/index.php?rest_route=\/wp\/v2\/pages"}],"about":[{"href":"https:\/\/bubu.balancezone.org\/index.php?rest_route=\/wp\/v2\/types\/page"}],"author":[{"embeddable":true,"href":"https:\/\/bubu.balancezone.org\/index.php?rest_route=\/wp\/v2\/users\/1"}],"replies":[{"embeddable":true,"href":"https:\/\/bubu.balancezone.org\/index.php?rest_route=%2Fwp%2Fv2%2Fcomments&post=8283"}],"version-history":[{"count":25,"href":"https:\/\/bubu.balancezone.org\/index.php?rest_route=\/wp\/v2\/pages\/8283\/revisions"}],"predecessor-version":[{"id":8439,"href":"https:\/\/bubu.balancezone.org\/index.php?rest_route=\/wp\/v2\/pages\/8283\/revisions\/8439"}],"wp:attachment":[{"href":"https:\/\/bubu.balancezone.org\/index.php?rest_route=%2Fwp%2Fv2%2Fmedia&parent=8283"}],"curies":[{"name":"wp","href":"https:\/\/api.w.org\/{rel}","templated":true}]}}